{"id":8221,"date":"2022-05-25T12:41:03","date_gmt":"2022-05-25T12:41:03","guid":{"rendered":"https:\/\/www.appartamentigardastivo.com\/prezzi\/"},"modified":"2025-12-01T13:28:56","modified_gmt":"2025-12-01T13:28:56","slug":"prezzi","status":"publish","type":"page","link":"https:\/\/www.appartamentigardastivo.com\/de\/prezzi\/","title":{"rendered":"Preise"},"content":{"rendered":"<p>[vc_row el_class=&#8220;gweb-riga-tabella-prezzi&#8220;][vc_column width=&#8220;1\/4&#8243;][vc_column_text]Preise<br \/>\nWohnungen GardaStivo[\/vc_column_text][vc_column_text]Wohnung 2 Menschen[\/vc_column_text][vc_column_text]Wohnung 3 Menschen[\/vc_column_text][vc_column_text]Wohnung 4 Menschen[\/vc_column_text][vc_column_text]Wohnung 5 Menschen[\/vc_column_text][vc_column_text]Wohnung 6 Menschen[\/vc_column_text][\/vc_column][vc_column width=&#8220;1\/4&#8243;][vc_column_text]Nebensaison<br \/>\n\u00dcbernachtung[\/vc_column_text][vc_column_text]\u20ac 65.00[\/vc_column_text][vc_column_text]\u20ac 80.00[\/vc_column_text][vc_column_text]\u20ac 95.00[\/vc_column_text][vc_column_text]\u20ac 110.00[\/vc_column_text][vc_column_text]\u20ac 125.00[\/vc_column_text][\/vc_column][vc_column width=&#8220;1\/4&#8243;][vc_column_text]Jahreszeit 1<br \/>\n\u00dcbernachtung[\/vc_column_text][vc_column_text]\u20ac 75.00[\/vc_column_text][vc_column_text]\u20ac 90.00[\/vc_column_text][vc_column_text]\u20ac 105.00[\/vc_column_text][vc_column_text]\u20ac 120.00[\/vc_column_text][vc_column_text]\u20ac 135.00[\/vc_column_text][\/vc_column][vc_column width=&#8220;1\/4&#8243;][vc_column_text]Jahreszeit 2<br \/>\n\u00dcbernachtung[\/vc_column_text][vc_column_text]\u20ac 90.00[\/vc_column_text][vc_column_text]\u20ac 115.00[\/vc_column_text][vc_column_text]\u20ac 135.00[\/vc_column_text][vc_column_text]\u20ac 150.00[\/vc_column_text][vc_column_text]\u20ac 165.00[\/vc_column_text][\/vc_column][\/vc_row][vc_row][vc_column][vc_empty_space height=&#8220;40px&#8220;][\/vc_column][\/vc_row][vc_row][vc_column][vc_column_text]<\/p>\n<div style=\"text-align: center;\"><strong>Besondere Preise:<\/strong><\/div>\n<div style=\"text-align: center;\">Kinder 0-10 Jahre 20% Erm\u00e4\u00dfigung<\/div>\n<div style=\"text-align: center;\">\u00a0Kinder 10-16 Jahre\u00a0 10% Erm\u00e4\u00dfigung<\/div>\n<div style=\"text-align: center;\"><\/div>\n<div style=\"text-align: center;\"><\/div>\n<div style=\"text-align: center;\"><strong>Extras:<\/strong><\/div>\n<div style=\"text-align: center;\">\u00a0Kurtaxe 1.50 \u20ac\/Nacht pro Person (unter 14 Jahren) f\u00fcr die ersten 10 N\u00e4chte bis 31\/11\/21 und\u00a0 1.5 \u20ac\/Nacht pro Person (unter 14 Jahren) f\u00fcr die ersten 10 N\u00e4chte zum 01\/12\/21<\/div>\n<div style=\"text-align: center;\">Endreinigung \u20ac 60,00<\/div>\n<div style=\"text-align: center;\">Klimaanlage falls erforderlich<\/div>\n<div style=\"text-align: center;\">Auf Anfrage Babybett (inklusive Bettw\u00e4sche) und Hochstuhl kostenlos<\/div>\n<div style=\"text-align: center;\">Tiere auf Anfrage (NUR F\u00dcR HISTORISCHE KUNDEN) \u20ac 10.00 (pro Tag)<\/div>\n<div style=\"text-align: center;\">\u00a0bei \u00dcbernachtungen von weniger als 3 N\u00e4chten betr\u00e4gt der Mindestpreis 3 N\u00e4chte<\/div>\n<div style=\"text-align: center;\">15% Zuschlag f\u00fcr Apartments am Pool<\/div>\n<div style=\"text-align: center;\">5% Rabatt f\u00fcr l\u00e4ngere Aufenthalte<\/div>\n<div style=\"text-align: center;\"><\/div>\n<p>[\/vc_column_text][\/vc_column][\/vc_row][vc_row][vc_column][vc_empty_space height=&#8220;40px&#8220;][\/vc_column][\/vc_row][vc_row][vc_column]<div class=\"eltd-separator-holder clearfix  eltd-separator-center eltd-separator-full-width\">\n\t<div class=\"eltd-separator\" style=\"border-style: dashed;border-bottom-width: 1px;margin-top: 0px;margin-bottom: 0px\"><\/div>\n<\/div>\n[\/vc_column][\/vc_row][vc_row][vc_column][vc_empty_space height=&#8220;40px&#8220;][\/vc_column][\/vc_row][vc_row disable_element=&#8220;yes&#8220;][vc_column][vc_column_text]<img loading=\"lazy\" decoding=\"async\" class=\"wp-image-5589 size-thumbnail aligncenter\" src=\"https:\/\/www.appartamentigardastivo.com\/wp-content\/uploads\/2022\/05\/vacanze-sicure-s1-it-150x150.png\" alt=\"\" width=\"150\" height=\"150\" srcset=\"https:\/\/www.appartamentigardastivo.com\/wp-content\/uploads\/2022\/05\/vacanze-sicure-s1-it-150x150.png 150w, https:\/\/www.appartamentigardastivo.com\/wp-content\/uploads\/2022\/05\/vacanze-sicure-s1-it-300x300.png 300w, https:\/\/www.appartamentigardastivo.com\/wp-content\/uploads\/2022\/05\/vacanze-sicure-s1-it-100x100.png 100w\" sizes=\"auto, (max-width: 150px) 100vw, 150px\" \/><\/p>\n<p style=\"text-align: center;\">Folgen Sie den Anweisungen unter folgendem Link\u00a0<a tabindex=\"-1\" title=\"https:\/\/www.trentinomarketing.org\/it\/trentino-suite\/vacanze-sicure-landing-pages\/sicher-reisen\/\" href=\"https:\/\/www.trentinomarketing.org\/it\/trentino-suite\/vacanze-sicure-landing-pages\/sicher-reisen\/\" target=\"_blank\" rel=\"noopener noreferrer\" aria-label=\"Link SICHER REISEN - Trentino Marketing\">SICHER REISEN &#8211; Trentino Marketing<\/a>\u00a0 unter &#8222;<b>EINREISE INS TRENTINO<\/b>&#8222;; Es ist jedoch erforderlich, die Ergebnisse des Tupfers aller Komponenten bei der Ankunft anzuzeigen<\/p>\n<p>[\/vc_column_text][\/vc_column][\/vc_row][vc_row][vc_column width=&#8220;1\/3&#8243;][\/vc_column][vc_column width=&#8220;1\/3&#8243;]<a itemprop=\"url\" href=\"\/wp-content\/uploads\/2025\/04\/RegolamentoStrutturaDE.pdf\" target=\"_blank\" style=\"text-transform: uppercase\" class=\"eltd-btn eltd-btn-medium eltd-btn-outline eltd-btn-icon eltd-btn-line-left eltd-btn-animation-enabled\"  >\n    <span class=\"eltd-btn-text\">Struktur Verordnung<\/span>\n\n        \t<span class=\"eltd-btn-hover-overlay\" style=\"text-transform: uppercase\"><\/span>\n    \n    <span aria-hidden=\"true\" class=\"eltd-icon-font-elegant icon_document \" ><\/span><\/a>[\/vc_column][vc_column width=&#8220;1\/3&#8243;][\/vc_column][\/vc_row][vc_row][vc_column][vc_empty_space height=&#8220;40px&#8220;][\/vc_column][\/vc_row]<\/p>\n","protected":false},"excerpt":{"rendered":"<p>[vc_row el_class=&#8220;gweb-riga-tabella-prezzi&#8220;][vc_column width=&#8220;1\/4&#8243;][vc_column_text]Preise Wohnungen GardaStivo[\/vc_column_text][vc_column_text]Wohnung 2 Menschen[\/vc_column_text][vc_column_text]Wohnung 3 Menschen[\/vc_column_text][vc_column_text]Wohnung 4 Menschen[\/vc_column_text][vc_column_text]Wohnung 5 Menschen[\/vc_column_text][vc_column_text]Wohnung 6 Menschen[\/vc_column_text][\/vc_column][vc_column width=&#8220;1\/4&#8243;][vc_column_text]Nebensaison \u00dcbernachtung[\/vc_column_text][vc_column_text]\u20ac 65.00[\/vc_column_text][vc_column_text]\u20ac 80.00[\/vc_column_text][vc_column_text]\u20ac 95.00[\/vc_column_text][vc_column_text]\u20ac 110.00[\/vc_column_text][vc_column_text]\u20ac 125.00[\/vc_column_text][\/vc_column][vc_column width=&#8220;1\/4&#8243;][vc_column_text]Jahreszeit 1 \u00dcbernachtung[\/vc_column_text][vc_column_text]\u20ac 75.00[\/vc_column_text][vc_column_text]\u20ac 90.00[\/vc_column_text][vc_column_text]\u20ac 105.00[\/vc_column_text][vc_column_text]\u20ac 120.00[\/vc_column_text][vc_column_text]\u20ac 135.00[\/vc_column_text][\/vc_column][vc_column width=&#8220;1\/4&#8243;][vc_column_text]Jahreszeit 2 \u00dcbernachtung[\/vc_column_text][vc_column_text]\u20ac 90.00[\/vc_column_text][vc_column_text]\u20ac 115.00[\/vc_column_text][vc_column_text]\u20ac 135.00[\/vc_column_text][vc_column_text]\u20ac 150.00[\/vc_column_text][vc_column_text]\u20ac 165.00[\/vc_column_text][\/vc_column][\/vc_row][vc_row][vc_column][vc_empty_space height=&#8220;40px&#8220;][\/vc_column][\/vc_row][vc_row][vc_column][vc_column_text] Besondere [&hellip;]<\/p>\n","protected":false},"author":1,"featured_media":0,"parent":0,"menu_order":0,"comment_status":"closed","ping_status":"closed","template":"","meta":{"footnotes":""},"class_list":["post-8221","page","type-page","status-publish","hentry"],"yoast_head":"<!-- This site is optimized with the Yoast SEO plugin v27.4 - https:\/\/yoast.com\/product\/yoast-seo-wordpress\/ -->\n<title>Preise - Appartamenti GardaStivo<\/title>\n<meta name=\"robots\" content=\"index, follow, max-snippet:-1, max-image-preview:large, max-video-preview:-1\" \/>\n<link rel=\"canonical\" href=\"https:\/\/www.appartamentigardastivo.com\/de\/prezzi\/\" \/>\n<meta property=\"og:locale\" content=\"de_DE\" \/>\n<meta property=\"og:type\" content=\"article\" \/>\n<meta property=\"og:title\" content=\"Preise - Appartamenti GardaStivo\" \/>\n<meta property=\"og:description\" content=\"[vc_row el_class=&#8220;gweb-riga-tabella-prezzi&#8220;][vc_column width=&#8220;1\/4&#8243;][vc_column_text]Preise Wohnungen GardaStivo[\/vc_column_text][vc_column_text]Wohnung 2 Menschen[\/vc_column_text][vc_column_text]Wohnung 3 Menschen[\/vc_column_text][vc_column_text]Wohnung 4 Menschen[\/vc_column_text][vc_column_text]Wohnung 5 Menschen[\/vc_column_text][vc_column_text]Wohnung 6 Menschen[\/vc_column_text][\/vc_column][vc_column width=&#8220;1\/4&#8243;][vc_column_text]Nebensaison \u00dcbernachtung[\/vc_column_text][vc_column_text]\u20ac 65.00[\/vc_column_text][vc_column_text]\u20ac 80.00[\/vc_column_text][vc_column_text]\u20ac 95.00[\/vc_column_text][vc_column_text]\u20ac 110.00[\/vc_column_text][vc_column_text]\u20ac 125.00[\/vc_column_text][\/vc_column][vc_column width=&#8220;1\/4&#8243;][vc_column_text]Jahreszeit 1 \u00dcbernachtung[\/vc_column_text][vc_column_text]\u20ac 75.00[\/vc_column_text][vc_column_text]\u20ac 90.00[\/vc_column_text][vc_column_text]\u20ac 105.00[\/vc_column_text][vc_column_text]\u20ac 120.00[\/vc_column_text][vc_column_text]\u20ac 135.00[\/vc_column_text][\/vc_column][vc_column width=&#8220;1\/4&#8243;][vc_column_text]Jahreszeit 2 \u00dcbernachtung[\/vc_column_text][vc_column_text]\u20ac 90.00[\/vc_column_text][vc_column_text]\u20ac 115.00[\/vc_column_text][vc_column_text]\u20ac 135.00[\/vc_column_text][vc_column_text]\u20ac 150.00[\/vc_column_text][vc_column_text]\u20ac 165.00[\/vc_column_text][\/vc_column][\/vc_row][vc_row][vc_column][vc_empty_space height=&#8220;40px&#8220;][\/vc_column][\/vc_row][vc_row][vc_column][vc_column_text] Besondere [&hellip;]\" \/>\n<meta property=\"og:url\" content=\"https:\/\/www.appartamentigardastivo.com\/de\/prezzi\/\" \/>\n<meta property=\"og:site_name\" content=\"Appartamenti GardaStivo\" \/>\n<meta property=\"article:modified_time\" content=\"2025-12-01T13:28:56+00:00\" \/>\n<meta property=\"og:image\" content=\"https:\/\/www.appartamentigardastivo.com\/wp-content\/uploads\/2022\/05\/vacanze-sicure-s1-it.png\" \/>\n\t<meta property=\"og:image:width\" content=\"327\" \/>\n\t<meta property=\"og:image:height\" content=\"331\" \/>\n\t<meta property=\"og:image:type\" content=\"image\/png\" \/>\n<meta name=\"twitter:card\" content=\"summary_large_image\" \/>\n<meta name=\"twitter:label1\" content=\"Gesch\u00e4tzte Lesezeit\" \/>\n\t<meta name=\"twitter:data1\" content=\"2\u00a0Minuten\" \/>\n<script type=\"application\/ld+json\" class=\"yoast-schema-graph\">{\"@context\":\"https:\\\/\\\/schema.org\",\"@graph\":[{\"@type\":\"WebPage\",\"@id\":\"https:\\\/\\\/www.appartamentigardastivo.com\\\/de\\\/prezzi\\\/\",\"url\":\"https:\\\/\\\/www.appartamentigardastivo.com\\\/de\\\/prezzi\\\/\",\"name\":\"Preise - Appartamenti GardaStivo\",\"isPartOf\":{\"@id\":\"https:\\\/\\\/www.appartamentigardastivo.com\\\/#website\"},\"primaryImageOfPage\":{\"@id\":\"https:\\\/\\\/www.appartamentigardastivo.com\\\/de\\\/prezzi\\\/#primaryimage\"},\"image\":{\"@id\":\"https:\\\/\\\/www.appartamentigardastivo.com\\\/de\\\/prezzi\\\/#primaryimage\"},\"thumbnailUrl\":\"https:\\\/\\\/www.appartamentigardastivo.com\\\/wp-content\\\/uploads\\\/2022\\\/05\\\/vacanze-sicure-s1-it-150x150.png\",\"datePublished\":\"2022-05-25T12:41:03+00:00\",\"dateModified\":\"2025-12-01T13:28:56+00:00\",\"breadcrumb\":{\"@id\":\"https:\\\/\\\/www.appartamentigardastivo.com\\\/de\\\/prezzi\\\/#breadcrumb\"},\"inLanguage\":\"de\",\"potentialAction\":[{\"@type\":\"ReadAction\",\"target\":[\"https:\\\/\\\/www.appartamentigardastivo.com\\\/de\\\/prezzi\\\/\"]}]},{\"@type\":\"ImageObject\",\"inLanguage\":\"de\",\"@id\":\"https:\\\/\\\/www.appartamentigardastivo.com\\\/de\\\/prezzi\\\/#primaryimage\",\"url\":\"https:\\\/\\\/www.appartamentigardastivo.com\\\/wp-content\\\/uploads\\\/2022\\\/05\\\/vacanze-sicure-s1-it-150x150.png\",\"contentUrl\":\"https:\\\/\\\/www.appartamentigardastivo.com\\\/wp-content\\\/uploads\\\/2022\\\/05\\\/vacanze-sicure-s1-it-150x150.png\"},{\"@type\":\"BreadcrumbList\",\"@id\":\"https:\\\/\\\/www.appartamentigardastivo.com\\\/de\\\/prezzi\\\/#breadcrumb\",\"itemListElement\":[{\"@type\":\"ListItem\",\"position\":1,\"name\":\"Home\",\"item\":\"https:\\\/\\\/www.appartamentigardastivo.com\\\/de\\\/\"},{\"@type\":\"ListItem\",\"position\":2,\"name\":\"Preise\"}]},{\"@type\":\"WebSite\",\"@id\":\"https:\\\/\\\/www.appartamentigardastivo.com\\\/#website\",\"url\":\"https:\\\/\\\/www.appartamentigardastivo.com\\\/\",\"name\":\"Appartamenti GardaStivo\",\"description\":\"Just another WordPress site\",\"potentialAction\":[{\"@type\":\"SearchAction\",\"target\":{\"@type\":\"EntryPoint\",\"urlTemplate\":\"https:\\\/\\\/www.appartamentigardastivo.com\\\/?s={search_term_string}\"},\"query-input\":{\"@type\":\"PropertyValueSpecification\",\"valueRequired\":true,\"valueName\":\"search_term_string\"}}],\"inLanguage\":\"de\"}]}<\/script>\n<!-- \/ Yoast SEO plugin. -->","yoast_head_json":{"title":"Preise - Appartamenti GardaStivo","robots":{"index":"index","follow":"follow","max-snippet":"max-snippet:-1","max-image-preview":"max-image-preview:large","max-video-preview":"max-video-preview:-1"},"canonical":"https:\/\/www.appartamentigardastivo.com\/de\/prezzi\/","og_locale":"de_DE","og_type":"article","og_title":"Preise - Appartamenti GardaStivo","og_description":"[vc_row el_class=&#8220;gweb-riga-tabella-prezzi&#8220;][vc_column width=&#8220;1\/4&#8243;][vc_column_text]Preise Wohnungen GardaStivo[\/vc_column_text][vc_column_text]Wohnung 2 Menschen[\/vc_column_text][vc_column_text]Wohnung 3 Menschen[\/vc_column_text][vc_column_text]Wohnung 4 Menschen[\/vc_column_text][vc_column_text]Wohnung 5 Menschen[\/vc_column_text][vc_column_text]Wohnung 6 Menschen[\/vc_column_text][\/vc_column][vc_column width=&#8220;1\/4&#8243;][vc_column_text]Nebensaison \u00dcbernachtung[\/vc_column_text][vc_column_text]\u20ac 65.00[\/vc_column_text][vc_column_text]\u20ac 80.00[\/vc_column_text][vc_column_text]\u20ac 95.00[\/vc_column_text][vc_column_text]\u20ac 110.00[\/vc_column_text][vc_column_text]\u20ac 125.00[\/vc_column_text][\/vc_column][vc_column width=&#8220;1\/4&#8243;][vc_column_text]Jahreszeit 1 \u00dcbernachtung[\/vc_column_text][vc_column_text]\u20ac 75.00[\/vc_column_text][vc_column_text]\u20ac 90.00[\/vc_column_text][vc_column_text]\u20ac 105.00[\/vc_column_text][vc_column_text]\u20ac 120.00[\/vc_column_text][vc_column_text]\u20ac 135.00[\/vc_column_text][\/vc_column][vc_column width=&#8220;1\/4&#8243;][vc_column_text]Jahreszeit 2 \u00dcbernachtung[\/vc_column_text][vc_column_text]\u20ac 90.00[\/vc_column_text][vc_column_text]\u20ac 115.00[\/vc_column_text][vc_column_text]\u20ac 135.00[\/vc_column_text][vc_column_text]\u20ac 150.00[\/vc_column_text][vc_column_text]\u20ac 165.00[\/vc_column_text][\/vc_column][\/vc_row][vc_row][vc_column][vc_empty_space height=&#8220;40px&#8220;][\/vc_column][\/vc_row][vc_row][vc_column][vc_column_text] Besondere [&hellip;]","og_url":"https:\/\/www.appartamentigardastivo.com\/de\/prezzi\/","og_site_name":"Appartamenti GardaStivo","article_modified_time":"2025-12-01T13:28:56+00:00","og_image":[{"width":327,"height":331,"url":"https:\/\/www.appartamentigardastivo.com\/wp-content\/uploads\/2022\/05\/vacanze-sicure-s1-it.png","type":"image\/png"}],"twitter_card":"summary_large_image","twitter_misc":{"Gesch\u00e4tzte Lesezeit":"2\u00a0Minuten"},"schema":{"@context":"https:\/\/schema.org","@graph":[{"@type":"WebPage","@id":"https:\/\/www.appartamentigardastivo.com\/de\/prezzi\/","url":"https:\/\/www.appartamentigardastivo.com\/de\/prezzi\/","name":"Preise - Appartamenti GardaStivo","isPartOf":{"@id":"https:\/\/www.appartamentigardastivo.com\/#website"},"primaryImageOfPage":{"@id":"https:\/\/www.appartamentigardastivo.com\/de\/prezzi\/#primaryimage"},"image":{"@id":"https:\/\/www.appartamentigardastivo.com\/de\/prezzi\/#primaryimage"},"thumbnailUrl":"https:\/\/www.appartamentigardastivo.com\/wp-content\/uploads\/2022\/05\/vacanze-sicure-s1-it-150x150.png","datePublished":"2022-05-25T12:41:03+00:00","dateModified":"2025-12-01T13:28:56+00:00","breadcrumb":{"@id":"https:\/\/www.appartamentigardastivo.com\/de\/prezzi\/#breadcrumb"},"inLanguage":"de","potentialAction":[{"@type":"ReadAction","target":["https:\/\/www.appartamentigardastivo.com\/de\/prezzi\/"]}]},{"@type":"ImageObject","inLanguage":"de","@id":"https:\/\/www.appartamentigardastivo.com\/de\/prezzi\/#primaryimage","url":"https:\/\/www.appartamentigardastivo.com\/wp-content\/uploads\/2022\/05\/vacanze-sicure-s1-it-150x150.png","contentUrl":"https:\/\/www.appartamentigardastivo.com\/wp-content\/uploads\/2022\/05\/vacanze-sicure-s1-it-150x150.png"},{"@type":"BreadcrumbList","@id":"https:\/\/www.appartamentigardastivo.com\/de\/prezzi\/#breadcrumb","itemListElement":[{"@type":"ListItem","position":1,"name":"Home","item":"https:\/\/www.appartamentigardastivo.com\/de\/"},{"@type":"ListItem","position":2,"name":"Preise"}]},{"@type":"WebSite","@id":"https:\/\/www.appartamentigardastivo.com\/#website","url":"https:\/\/www.appartamentigardastivo.com\/","name":"Appartamenti GardaStivo","description":"Just another WordPress site","potentialAction":[{"@type":"SearchAction","target":{"@type":"EntryPoint","urlTemplate":"https:\/\/www.appartamentigardastivo.com\/?s={search_term_string}"},"query-input":{"@type":"PropertyValueSpecification","valueRequired":true,"valueName":"search_term_string"}}],"inLanguage":"de"}]}},"_links":{"self":[{"href":"https:\/\/www.appartamentigardastivo.com\/de\/wp-json\/wp\/v2\/pages\/8221","targetHints":{"allow":["GET"]}}],"collection":[{"href":"https:\/\/www.appartamentigardastivo.com\/de\/wp-json\/wp\/v2\/pages"}],"about":[{"href":"https:\/\/www.appartamentigardastivo.com\/de\/wp-json\/wp\/v2\/types\/page"}],"author":[{"embeddable":true,"href":"https:\/\/www.appartamentigardastivo.com\/de\/wp-json\/wp\/v2\/users\/1"}],"replies":[{"embeddable":true,"href":"https:\/\/www.appartamentigardastivo.com\/de\/wp-json\/wp\/v2\/comments?post=8221"}],"version-history":[{"count":10,"href":"https:\/\/www.appartamentigardastivo.com\/de\/wp-json\/wp\/v2\/pages\/8221\/revisions"}],"predecessor-version":[{"id":8610,"href":"https:\/\/www.appartamentigardastivo.com\/de\/wp-json\/wp\/v2\/pages\/8221\/revisions\/8610"}],"wp:attachment":[{"href":"https:\/\/www.appartamentigardastivo.com\/de\/wp-json\/wp\/v2\/media?parent=8221"}],"curies":[{"name":"wp","href":"https:\/\/api.w.org\/{rel}","templated":true}]}}